{"id":6267,"date":"2018-04-30T09:46:27","date_gmt":"2018-04-30T07:46:27","guid":{"rendered":"http:\/\/neu.barbara-wachendorff.de\/vita\/"},"modified":"2024-08-29T08:56:40","modified_gmt":"2024-08-29T06:56:40","slug":"vita","status":"publish","type":"page","link":"https:\/\/barbara-wachendorff.de\/en\/vita\/","title":{"rendered":"Vita"},"content":{"rendered":"<div class=\"wpb-content-wrapper\"><p>[vc_row parallax_background_image=&#8221;6508&#8243; parallax_bg_height=&#8221;670&#8243; parallax_bg_speed=&#8221;3&#8243;][vc_column][\/vc_column][\/vc_row][vc_row row_content_width=&#8221;grid&#8221; css=&#8221;.vc_custom_1711239375442{padding-top: 65px !important;}&#8221;][vc_column width=&#8221;1\/3&#8243; offset=&#8221;vc_col-lg-offset-0 vc_col-lg-4 vc_col-md-offset-0 vc_col-md-12 vc_col-sm-offset-0 vc_col-xs-12&#8243;][vc_single_image image=&#8221;6458&#8243; img_size=&#8221;full&#8221; onclick=&#8221;link_image&#8221;][vc_single_image image=&#8221;6514&#8243; img_size=&#8221;full&#8221; onclick=&#8221;link_image&#8221; css=&#8221;.vc_custom_1715588542480{margin-top: 45px !important;}&#8221;][\/vc_column][vc_column width=&#8221;2\/3&#8243; offset=&#8221;vc_col-lg-offset-0 vc_col-lg-8 vc_col-md-offset-0 vc_col-md-12 vc_col-sm-offset-0 vc_col-xs-12&#8243; css=&#8221;.vc_custom_1724914583230{padding-top: 35px !important;padding-right: 35px !important;padding-bottom: 35px !important;padding-left: 35px !important;background-color: #E6F3F8 !important;}&#8221;]<div class=\"mkdf-section-title-holder  mkdf-st-standard mkdf-st-title-left mkdf-st-normal-space \" >\n\t<div class=\"mkdf-st-inner\">\n\t\t\t\t\t<h3 class=\"mkdf-st-title\" >\n\t\t\t\tBarbara Wachendorff\t\t\t<\/h3>\n\t\t\t\t\t<\/div>\n<\/div><div class=\"mkdf-section-title-holder  mkdf-st-standard mkdf-st-title-left mkdf-st-normal-space \" >\n\t<div class=\"mkdf-st-inner\">\n\t\t\t\t\t\t\t<p class=\"mkdf-st-text\" style=\"margin-top: 27px\">\n\t\t\t\tIn 1984 I graduated from the Hochschule f\u00fcr Musik und darstellende Kunst in Frankfurt am Main with a diploma in acting.<br \/>\nAfter a number of longterm engagements at several national and municipal theaters I turned toward directing, and since 1996 I have worked solely as a director. The Theater der Stadt Duisburg, the St\u00e4dtische B\u00fchnen M\u00fcnster, the Th\u00e9\u00e2tre des Capucins in Luxembourg and the Schlosstheater Moers are some of the houses I have worked for frequently. One of the things I focus on in my work is the exploration of uncommon theatrical sites: bridges, warehouses, factories, office buildings or churches are turned into theater venues. Apart from contemporary drama\/premieres I am also interested in dealing with the matters of so-called ``experts of their own worlds``, i.e. amateur actors who present certain elements of their specific biographies on stage, usually in cooperation with professional actors.<br \/>\nSince 1996 I have been directing biographical projects with teenagers, elderly people, illiterates, the homeless, the longtime unemployed, the mentally ill and people who suffer from dementia. Each such project is an exploration of living conditions that often lie beyond the range of our imagination and as such keep fascinating and inspiring me. I place great value on discussing and reflecting the way individuals deal with the social realities they are confronted with. What is most important to me, however, is the way these ``experts`` - the people involved in the projects - handle their specific topics palpably and artistically.\t\t\t<\/p>\n\t\t\t<\/div>\n<\/div>[vc_empty_space]<a itemprop=\"url\" href=\"https:\/\/barbara-wachendorff.de\/wp-content\/uploads\/Lebenslauf-Wachendorff_24.pdf\" target=\"_blank\" style=\"text-transform: uppercase\" class=\"mkdf-btn mkdf-btn-medium mkdf-btn-simple mkdf-btn-animation\"  >\n\t\t\t<div class=\"mkdf-button-icon-holder\" >\n\t\t\t<i class=\"mkdf-icon-ion-icon ion-ios-arrow-right mkdf-icon-element\" ><\/i>\n\t\t\t<svg xmlns=\"http:\/\/www.w3.org\/2000\/svg\" xmlns:xlink=\"http:\/\/www.w3.org\/1999\/xlink\" x=\"0px\" y=\"0px\" width=\"19px\" height=\"19px\"\n\t\t\t  \tviewBox=\"0 0 19 19\" enable-background=\"new 0 0 19 19\" xml:space=\"preserve\">\n\t\t\t\t<circle fill=\"none\" stroke-miterlimit=\"10\" cx=\"9.531\" cy=\"9.469\" r=\"9.031\"  \/>\n\t\t\t<\/svg>\n\t\t<\/div>\n\t\t<span class=\"mkdf-btn-text\">VITA download<\/span>\n    <\/a>[\/vc_column][\/vc_row]<\/p>\n<\/div>","protected":false},"excerpt":{"rendered":"<p>[vc_row parallax_background_image=&#8221;6508&#8243; parallax_bg_height=&#8221;670&#8243; parallax_bg_speed=&#8221;3&#8243;][vc_column][\/vc_column][\/vc_row][vc_row row_content_width=&#8221;grid&#8221; css=&#8221;.vc_custom_1711239375442{padding-top: 65px !important;}&#8221;][vc_column width=&#8221;1\/3&#8243; offset=&#8221;vc_col-lg-offset-0 vc_col-lg-4 vc_col-md-offset-0 vc_col-md-12 vc_col-sm-offset-0 vc_col-xs-12&#8243;][vc_single_image image=&#8221;6458&#8243; img_size=&#8221;full&#8221; onclick=&#8221;link_image&#8221;][vc_single_image image=&#8221;6514&#8243; img_size=&#8221;full&#8221; onclick=&#8221;link_image&#8221; css=&#8221;.vc_custom_1715588542480{margin-top: 45px !important;}&#8221;][\/vc_column][vc_column width=&#8221;2\/3&#8243; offset=&#8221;vc_col-lg-offset-0 vc_col-lg-8 vc_col-md-offset-0 vc_col-md-12 vc_col-sm-offset-0 vc_col-xs-12&#8243; css=&#8221;.vc_custom_1724914583230{padding-top: 35px !important;padding-right: 35px !important;padding-bottom: 35px !important;padding-left: 35px !important;background-color: #E6F3F8 !important;}&#8221;][vc_empty_space][\/vc_column][\/vc_row]<\/p>\n","protected":false},"author":1,"featured_media":0,"parent":0,"menu_order":4,"comment_status":"closed","ping_status":"closed","template":"full-width.php","meta":{"_acf_changed":false,"footnotes":""},"class_list":["post-6267","page","type-page","status-publish","hentry"],"acf":[],"_links":{"self":[{"href":"https:\/\/barbara-wachendorff.de\/en\/wp-json\/wp\/v2\/pages\/6267","targetHints":{"allow":["GET"]}}],"collection":[{"href":"https:\/\/barbara-wachendorff.de\/en\/wp-json\/wp\/v2\/pages"}],"about":[{"href":"https:\/\/barbara-wachendorff.de\/en\/wp-json\/wp\/v2\/types\/page"}],"author":[{"embeddable":true,"href":"https:\/\/barbara-wachendorff.de\/en\/wp-json\/wp\/v2\/users\/1"}],"replies":[{"embeddable":true,"href":"https:\/\/barbara-wachendorff.de\/en\/wp-json\/wp\/v2\/comments?post=6267"}],"version-history":[{"count":13,"href":"https:\/\/barbara-wachendorff.de\/en\/wp-json\/wp\/v2\/pages\/6267\/revisions"}],"predecessor-version":[{"id":6562,"href":"https:\/\/barbara-wachendorff.de\/en\/wp-json\/wp\/v2\/pages\/6267\/revisions\/6562"}],"wp:attachment":[{"href":"https:\/\/barbara-wachendorff.de\/en\/wp-json\/wp\/v2\/media?parent=6267"}],"curies":[{"name":"wp","href":"https:\/\/api.w.org\/{rel}","templated":true}]}}